{"id":2653,"date":"2024-02-05T19:27:46","date_gmt":"2024-02-05T19:27:46","guid":{"rendered":"https:\/\/coletivoamarelo.com\/?post_type=product&#038;p=2653"},"modified":"2024-04-03T14:18:46","modified_gmt":"2024-04-03T14:18:46","slug":"inuteis-paisagens-30-2023","status":"publish","type":"product","link":"https:\/\/coletivoamarelo.com\/de\/produkt\/inuteis-paisagens-30-2023\/","title":{"rendered":"Nutzlose Landschaften #30, 2023"},"content":{"rendered":"<p>\u00d6lgem\u00e4lde auf Papier, mit Rahmen (41,5 x 32,5 cm)<\/p>\n<p>Dieses Gem\u00e4lde ist Teil einer Sonderserie im Rahmen von \u201eIn\u00fatil Paisagem\u201c, die w\u00e4hrend der Covid-Pandemie im Jahr 2021 begann.<\/p>\n<p>Die \u00fcppige Sch\u00f6nheit der portugiesischen K\u00fcste spiegelt sich in der Umgebung wider, in dem kleinen Dorf, in dem der K\u00fcnstler lebt, in Cascais. Die Landschaften der Guincho-K\u00fcste und des Cabo da Roca sind in vielen seiner Werke pr\u00e4sent. Die Erinnerung an den riesigen Ozean, der sie von ihren emotionalen Wurzeln in Brasilien trennte, und die durch die Pandemie verursachte Ungewissheit \u00fcber die R\u00fcckkehr f\u00fcgten den Gem\u00e4lden, die trotz ihrer \u00dcberschw\u00e4nglichkeit immer entv\u00f6lkert sind, eine Schicht Melancholie hinzu.<\/p>\n<p>Die Serie \u201eIn\u00fatil Paisagem\u201c entstand in Anlehnung an das gleichnamige Lied von Ant\u00f4nio Carlos Jobim. Der Text des Liedes erw\u00e4hnt dieses Gef\u00fchl der Melancholie und Einsamkeit, das die Landschaft manchmal hervorruft.<\/p>","protected":false},"excerpt":{"rendered":"<p>\u00d6lgem\u00e4lde auf Papier, mit Rahmen (41,5 x 32,5 cm)<\/p>\n<p>Dieses Gem\u00e4lde ist Teil einer Sonderserie im Rahmen von \u201eIn\u00fatil Paisagem\u201c, die w\u00e4hrend der Covid-Pandemie im Jahr 2021 begann.<\/p>\n<p>Die \u00fcppige Sch\u00f6nheit der portugiesischen K\u00fcste spiegelt sich in der Umgebung wider, in dem kleinen Dorf, in dem der K\u00fcnstler lebt, in Cascais. Die Landschaften der Guincho-K\u00fcste und des Cabo da Roca sind in vielen seiner Werke pr\u00e4sent. Die Erinnerung an den riesigen Ozean, der sie von ihren emotionalen Wurzeln in Brasilien trennte, und die durch die Pandemie verursachte Ungewissheit \u00fcber die R\u00fcckkehr f\u00fcgten den Gem\u00e4lden, die trotz ihrer \u00dcberschw\u00e4nglichkeit immer entv\u00f6lkert sind, eine Schicht Melancholie hinzu.<\/p>\n<p>Die Serie \u201eIn\u00fatil Paisagem\u201c entstand in Anlehnung an das gleichnamige Lied von Ant\u00f4nio Carlos Jobim. Der Text des Liedes erw\u00e4hnt dieses Gef\u00fchl der Melancholie und Einsamkeit, das die Landschaft manchmal hervorruft.<\/p>\n<ul>\n<li>Mehrwertsteuer bereits enthalten<\/li>\n<\/ul>","protected":false},"featured_media":2654,"template":"","meta":{"_et_pb_use_builder":"","_et_pb_old_content":"","_et_gb_content_width":""},"product_brand":[],"product_cat":[62],"product_tag":[],"class_list":{"0":"post-2653","1":"product","2":"type-product","3":"status-publish","4":"has-post-thumbnail","6":"product_cat-pintura","7":"cla-autores-gabriela-albuquerque","8":"cla-colections-aaf-berlin-2024","9":"cla-colections-aaf-brussels-2024","11":"first","12":"instock","13":"featured","14":"sold-individually","15":"shipping-taxable","16":"product-type-simple"},"acf":[],"yoast_head":"<!-- This site is optimized with the Yoast SEO Premium plugin v15.3 - https:\/\/yoast.com\/wordpress\/plugins\/seo\/ -->\n<title>In\u00fateis paisagens #30, 2023 &mdash; Coletivo Amarelo<\/title>\n<meta name=\"robots\" content=\"index, follow, max-snippet:-1, max-image-preview:large, max-video-preview:-1\" \/>\n<link rel=\"canonical\" href=\"https:\/\/coletivoamarelo.com\/de\/produkt\/inuteis-paisagens-30-2023\/\" \/>\n<meta property=\"og:locale\" content=\"de_DE\" \/>\n<meta property=\"og:type\" content=\"article\" \/>\n<meta property=\"og:title\" content=\"In\u00fateis paisagens #30, 2023 &mdash; Coletivo Amarelo\" \/>\n<meta property=\"og:description\" content=\"Pintura a \u00f3leo sobre papel, com moldura (41.5 x 32.5 cm)  Esta pintura faz parte de uma s\u00e9rie especial dentro de &quot;In\u00fatil Paisagem&quot;, iniciada durante a pandemia de Covid em 2021.  A beleza exuberante da costa portuguesa \u00e9 o entorno, na pequena aldeia em que a artista vive, em Cascais. As paisagens da costa do Guincho e do cabo da Roca est\u00e3o presentes em muitos dos seus trabalhos. A lembran\u00e7a do gigantesco oceano a separ\u00e1-la das suas ra\u00edzes afetivas presentes no Brasil, e a incerteza de retorno provocada pela pandemia, adicionou uma camada de melancolia \u00e0s pinturas, que apesar de exuberantes s\u00e3o sempre despovoadas.  A s\u00e9rie \u201cIn\u00fatil Paisagem\u201d foi criada em refer\u00eancia \u00e0 m\u00fasica de mesmo t\u00edtulo de Ant\u00f4nio Carlos Jobim. A letra da can\u00e7\u00e3o faz men\u00e7\u00e3o a esse sentimento de melancolia e solid\u00e3o que a paisagem, por vezes, evoca.   IVA j\u00e1 incluido\" \/>\n<meta property=\"og:url\" content=\"https:\/\/coletivoamarelo.com\/de\/produkt\/inuteis-paisagens-30-2023\/\" \/>\n<meta property=\"og:site_name\" content=\"Coletivo Amarelo\" \/>\n<meta property=\"article:modified_time\" content=\"2024-04-03T14:18:46+00:00\" \/>\n<meta property=\"og:image\" content=\"https:\/\/coletivoamarelo.com\/wp-content\/uploads\/2024\/02\/Useless-Landscapes-GALBPAINT035-30.jpg\" \/>\n\t<meta property=\"og:image:width\" content=\"962\" \/>\n\t<meta property=\"og:image:height\" content=\"692\" \/>\n<meta name=\"twitter:card\" content=\"summary_large_image\" \/>\n<meta name=\"twitter:label1\" content=\"Verfasst von\">\n\t<meta name=\"twitter:data1\" content=\"Alexandre Cagnoni\">\n\t<meta name=\"twitter:label2\" content=\"Gesch\u00e4tzte Lesezeit\">\n\t<meta name=\"twitter:data2\" content=\"1\u00a0Minute\">\n<script type=\"application\/ld+json\" class=\"yoast-schema-graph\">{\"@context\":\"https:\/\/schema.org\",\"@graph\":[{\"@type\":\"Organization\",\"@id\":\"https:\/\/coletivoamarelo.com\/#organization\",\"name\":\"Coletivo Amarelo\",\"url\":\"https:\/\/coletivoamarelo.com\/\",\"sameAs\":[],\"logo\":{\"@type\":\"ImageObject\",\"@id\":\"https:\/\/coletivoamarelo.com\/#logo\",\"inLanguage\":\"de\",\"url\":\"https:\/\/coletivoamarelo.com\/wp-content\/uploads\/2023\/01\/coletivo-amarelo-logo-04.svg\",\"caption\":\"Coletivo Amarelo\"},\"image\":{\"@id\":\"https:\/\/coletivoamarelo.com\/#logo\"}},{\"@type\":\"WebSite\",\"@id\":\"https:\/\/coletivoamarelo.com\/#website\",\"url\":\"https:\/\/coletivoamarelo.com\/\",\"name\":\"Coletivo Amarelo\",\"description\":\"\",\"publisher\":{\"@id\":\"https:\/\/coletivoamarelo.com\/#organization\"},\"potentialAction\":[{\"@type\":\"SearchAction\",\"target\":\"https:\/\/coletivoamarelo.com\/?s={search_term_string}\",\"query-input\":\"required name=search_term_string\"}],\"inLanguage\":\"de\"},{\"@type\":\"ImageObject\",\"@id\":\"https:\/\/coletivoamarelo.com\/produto\/inuteis-paisagens-30-2023\/#primaryimage\",\"inLanguage\":\"de\",\"url\":\"https:\/\/coletivoamarelo.com\/wp-content\/uploads\/2024\/02\/Useless-Landscapes-GALBPAINT035-30.jpg\",\"width\":962,\"height\":692},{\"@type\":\"WebPage\",\"@id\":\"https:\/\/coletivoamarelo.com\/produto\/inuteis-paisagens-30-2023\/#webpage\",\"url\":\"https:\/\/coletivoamarelo.com\/produto\/inuteis-paisagens-30-2023\/\",\"name\":\"In\\u00fateis paisagens #30, 2023 &mdash; Coletivo Amarelo\",\"isPartOf\":{\"@id\":\"https:\/\/coletivoamarelo.com\/#website\"},\"primaryImageOfPage\":{\"@id\":\"https:\/\/coletivoamarelo.com\/produto\/inuteis-paisagens-30-2023\/#primaryimage\"},\"datePublished\":\"2024-02-05T19:27:46+00:00\",\"dateModified\":\"2024-04-03T14:18:46+00:00\",\"breadcrumb\":{\"@id\":\"https:\/\/coletivoamarelo.com\/produto\/inuteis-paisagens-30-2023\/#breadcrumb\"},\"inLanguage\":\"de\",\"potentialAction\":[{\"@type\":\"ReadAction\",\"target\":[\"https:\/\/coletivoamarelo.com\/produto\/inuteis-paisagens-30-2023\/\"]}]},{\"@type\":\"BreadcrumbList\",\"@id\":\"https:\/\/coletivoamarelo.com\/produto\/inuteis-paisagens-30-2023\/#breadcrumb\",\"itemListElement\":[{\"@type\":\"ListItem\",\"position\":1,\"item\":{\"@type\":\"WebPage\",\"@id\":\"https:\/\/coletivoamarelo.com\/\",\"url\":\"https:\/\/coletivoamarelo.com\/\",\"name\":\"Home\"}},{\"@type\":\"ListItem\",\"position\":2,\"item\":{\"@type\":\"WebPage\",\"@id\":\"https:\/\/coletivoamarelo.com\/colecao\/\",\"url\":\"https:\/\/coletivoamarelo.com\/colecao\/\",\"name\":\"Cole\\u00e7\\u00e3o\"}},{\"@type\":\"ListItem\",\"position\":3,\"item\":{\"@type\":\"WebPage\",\"@id\":\"https:\/\/coletivoamarelo.com\/produto\/inuteis-paisagens-30-2023\/\",\"url\":\"https:\/\/coletivoamarelo.com\/produto\/inuteis-paisagens-30-2023\/\",\"name\":\"In\\u00fateis paisagens #30, 2023\"}}]}]}<\/script>\n<!-- \/ Yoast SEO Premium plugin. -->","jetpack_sharing_enabled":true,"_links":{"self":[{"href":"https:\/\/coletivoamarelo.com\/de\/wp-json\/wp\/v2\/product\/2653","targetHints":{"allow":["GET"]}}],"collection":[{"href":"https:\/\/coletivoamarelo.com\/de\/wp-json\/wp\/v2\/product"}],"about":[{"href":"https:\/\/coletivoamarelo.com\/de\/wp-json\/wp\/v2\/types\/product"}],"wp:featuredmedia":[{"embeddable":true,"href":"https:\/\/coletivoamarelo.com\/de\/wp-json\/wp\/v2\/media\/2654"}],"wp:attachment":[{"href":"https:\/\/coletivoamarelo.com\/de\/wp-json\/wp\/v2\/media?parent=2653"}],"wp:term":[{"taxonomy":"product_brand","embeddable":true,"href":"https:\/\/coletivoamarelo.com\/de\/wp-json\/wp\/v2\/product_brand?post=2653"},{"taxonomy":"product_cat","embeddable":true,"href":"https:\/\/coletivoamarelo.com\/de\/wp-json\/wp\/v2\/product_cat?post=2653"},{"taxonomy":"product_tag","embeddable":true,"href":"https:\/\/coletivoamarelo.com\/de\/wp-json\/wp\/v2\/product_tag?post=2653"}],"curies":[{"name":"wp","href":"https:\/\/api.w.org\/{rel}","templated":true}]}}