{"id":1599,"date":"2023-04-14T13:54:52","date_gmt":"2023-04-14T13:54:52","guid":{"rendered":"https:\/\/dev.coletivoamarelo.pt\/?post_type=product&#038;p=1599"},"modified":"2024-05-06T18:29:54","modified_gmt":"2024-05-06T18:29:54","slug":"antes-do-nascer-do-sol-no-pantanal-i","status":"publish","type":"product","link":"https:\/\/coletivoamarelo.com\/de\/produkt\/antes-do-nascer-do-sol-no-pantanal-i\/","title":{"rendered":"Vor Sonnenaufgang im Pantanal I, 2020"},"content":{"rendered":"<p>Biguatinga (<em>Anhinga, Anhinga<\/em>). Das Pantanal ist das gr\u00f6\u00dfte tropische Feuchtgebiet der Welt und verf\u00fcgt \u00fcber die gr\u00f6\u00dften \u00fcberschwemmten Graslandschaften der Welt. Es ist ein einzigartiges \u00d6kosystem, reich an Artenvielfalt und Heimat von Blauaras und Jaguaren. Der Tageszyklus des Pantanal hat viele leuchtende Farben, aber der beruhigende Blauton dominiert den aufgehenden Himmel. In diesem Moment k\u00f6nnen wir das Erwachen des Waldes beobachten, begleitet von den ersten V\u00f6geln, die den Anbruch eines neuen Tages ank\u00fcndigen.<\/p>\n<p>Foto aufgenommen in Pocon\u00e9, Brasilien, 2020.<\/p>\n<p>Gedruckt auf Hahnem\u00fchle Matt Fiber 200-Papier. Nummerierte Serie, 10 Auflagen.<\/p>","protected":false},"excerpt":{"rendered":"<p>Limitierte Serie von 10 Fotos des Sonnenaufgangs im brasilianischen Pantanal, erh\u00e4ltlich in 4 Gr\u00f6\u00dfen, gedruckt auf Hahnem\u00fchle Matt Fiber 200 Papier.<\/p>\n<ul>\n<li>Mehrwertsteuer bereits enthalten<\/li>\n<\/ul>","protected":false},"featured_media":1604,"template":"","meta":{"_et_pb_use_builder":"","_et_pb_old_content":"","_et_gb_content_width":""},"product_brand":[],"product_cat":[63],"product_tag":[],"class_list":{"0":"post-1599","1":"product","2":"type-product","3":"status-publish","4":"has-post-thumbnail","6":"product_cat-fotografia","7":"cla-autores-eduardo-dias","8":"cla-colections-aaf-amsterdam-2023","9":"cla-colections-aaf-brussels-2024","10":"cla-colections-edicoes-limitadas","12":"first","13":"instock","14":"featured","15":"shipping-taxable","16":"product-type-variable","17":"has-default-attributes"},"acf":[],"yoast_head":"<!-- This site is optimized with the Yoast SEO Premium plugin v15.3 - https:\/\/yoast.com\/wordpress\/plugins\/seo\/ -->\n<title>Antes do nascer do sol no pantanal I, 2020 &mdash; Coletivo Amarelo<\/title>\n<meta name=\"robots\" content=\"index, follow, max-snippet:-1, max-image-preview:large, max-video-preview:-1\" \/>\n<link rel=\"canonical\" href=\"https:\/\/coletivoamarelo.com\/de\/produkt\/antes-do-nascer-do-sol-no-pantanal-i\/\" \/>\n<meta property=\"og:locale\" content=\"de_DE\" \/>\n<meta property=\"og:type\" content=\"article\" \/>\n<meta property=\"og:title\" content=\"Antes do nascer do sol no pantanal I, 2020 &mdash; Coletivo Amarelo\" \/>\n<meta property=\"og:description\" content=\"S\u00e9rie limitada em 10 fotos do nascer do sol no Pantanal Brasileiro, dispon\u00edvel em 4 tamanhos, impresso em papel Hahnem\u00fchle Matt Fibre 200.   IVA j\u00e1 incluido\" \/>\n<meta property=\"og:url\" content=\"https:\/\/coletivoamarelo.com\/de\/produkt\/antes-do-nascer-do-sol-no-pantanal-i\/\" \/>\n<meta property=\"og:site_name\" content=\"Coletivo Amarelo\" \/>\n<meta property=\"article:modified_time\" content=\"2024-05-06T18:29:54+00:00\" \/>\n<meta property=\"og:image\" content=\"https:\/\/coletivoamarelo.com\/wp-content\/uploads\/2023\/04\/EDIAPHOTO003.png\" \/>\n\t<meta property=\"og:image:width\" content=\"524\" \/>\n\t<meta property=\"og:image:height\" content=\"790\" \/>\n<meta name=\"twitter:card\" content=\"summary_large_image\" \/>\n<meta name=\"twitter:label1\" content=\"Verfasst von\">\n\t<meta name=\"twitter:data1\" content=\"Alexandre Cagnoni\">\n\t<meta name=\"twitter:label2\" content=\"Gesch\u00e4tzte Lesezeit\">\n\t<meta name=\"twitter:data2\" content=\"0\u00a0Minuten\">\n<script type=\"application\/ld+json\" class=\"yoast-schema-graph\">{\"@context\":\"https:\/\/schema.org\",\"@graph\":[{\"@type\":\"Organization\",\"@id\":\"https:\/\/coletivoamarelo.com\/#organization\",\"name\":\"Coletivo Amarelo\",\"url\":\"https:\/\/coletivoamarelo.com\/\",\"sameAs\":[],\"logo\":{\"@type\":\"ImageObject\",\"@id\":\"https:\/\/coletivoamarelo.com\/#logo\",\"inLanguage\":\"de\",\"url\":\"https:\/\/coletivoamarelo.com\/wp-content\/uploads\/2023\/01\/coletivo-amarelo-logo-04.svg\",\"caption\":\"Coletivo Amarelo\"},\"image\":{\"@id\":\"https:\/\/coletivoamarelo.com\/#logo\"}},{\"@type\":\"WebSite\",\"@id\":\"https:\/\/coletivoamarelo.com\/#website\",\"url\":\"https:\/\/coletivoamarelo.com\/\",\"name\":\"Coletivo Amarelo\",\"description\":\"\",\"publisher\":{\"@id\":\"https:\/\/coletivoamarelo.com\/#organization\"},\"potentialAction\":[{\"@type\":\"SearchAction\",\"target\":\"https:\/\/coletivoamarelo.com\/?s={search_term_string}\",\"query-input\":\"required name=search_term_string\"}],\"inLanguage\":\"de\"},{\"@type\":\"ImageObject\",\"@id\":\"https:\/\/coletivoamarelo.com\/produto\/antes-do-nascer-do-sol-no-pantanal-i\/#primaryimage\",\"inLanguage\":\"de\",\"url\":\"https:\/\/coletivoamarelo.com\/wp-content\/uploads\/2023\/04\/EDIAPHOTO003.png\",\"width\":524,\"height\":790,\"caption\":\"Pantanal\"},{\"@type\":\"WebPage\",\"@id\":\"https:\/\/coletivoamarelo.com\/produto\/antes-do-nascer-do-sol-no-pantanal-i\/#webpage\",\"url\":\"https:\/\/coletivoamarelo.com\/produto\/antes-do-nascer-do-sol-no-pantanal-i\/\",\"name\":\"Antes do nascer do sol no pantanal I, 2020 &mdash; Coletivo Amarelo\",\"isPartOf\":{\"@id\":\"https:\/\/coletivoamarelo.com\/#website\"},\"primaryImageOfPage\":{\"@id\":\"https:\/\/coletivoamarelo.com\/produto\/antes-do-nascer-do-sol-no-pantanal-i\/#primaryimage\"},\"datePublished\":\"2023-04-14T13:54:52+00:00\",\"dateModified\":\"2024-05-06T18:29:54+00:00\",\"breadcrumb\":{\"@id\":\"https:\/\/coletivoamarelo.com\/produto\/antes-do-nascer-do-sol-no-pantanal-i\/#breadcrumb\"},\"inLanguage\":\"de\",\"potentialAction\":[{\"@type\":\"ReadAction\",\"target\":[\"https:\/\/coletivoamarelo.com\/produto\/antes-do-nascer-do-sol-no-pantanal-i\/\"]}]},{\"@type\":\"BreadcrumbList\",\"@id\":\"https:\/\/coletivoamarelo.com\/produto\/antes-do-nascer-do-sol-no-pantanal-i\/#breadcrumb\",\"itemListElement\":[{\"@type\":\"ListItem\",\"position\":1,\"item\":{\"@type\":\"WebPage\",\"@id\":\"https:\/\/coletivoamarelo.com\/\",\"url\":\"https:\/\/coletivoamarelo.com\/\",\"name\":\"Home\"}},{\"@type\":\"ListItem\",\"position\":2,\"item\":{\"@type\":\"WebPage\",\"@id\":\"https:\/\/coletivoamarelo.com\/colecao\/\",\"url\":\"https:\/\/coletivoamarelo.com\/colecao\/\",\"name\":\"Cole\\u00e7\\u00e3o\"}},{\"@type\":\"ListItem\",\"position\":3,\"item\":{\"@type\":\"WebPage\",\"@id\":\"https:\/\/coletivoamarelo.com\/produto\/antes-do-nascer-do-sol-no-pantanal-i\/\",\"url\":\"https:\/\/coletivoamarelo.com\/produto\/antes-do-nascer-do-sol-no-pantanal-i\/\",\"name\":\"Antes do nascer do sol no pantanal I, 2020\"}}]}]}<\/script>\n<!-- \/ Yoast SEO Premium plugin. -->","jetpack_sharing_enabled":true,"_links":{"self":[{"href":"https:\/\/coletivoamarelo.com\/de\/wp-json\/wp\/v2\/product\/1599","targetHints":{"allow":["GET"]}}],"collection":[{"href":"https:\/\/coletivoamarelo.com\/de\/wp-json\/wp\/v2\/product"}],"about":[{"href":"https:\/\/coletivoamarelo.com\/de\/wp-json\/wp\/v2\/types\/product"}],"wp:featuredmedia":[{"embeddable":true,"href":"https:\/\/coletivoamarelo.com\/de\/wp-json\/wp\/v2\/media\/1604"}],"wp:attachment":[{"href":"https:\/\/coletivoamarelo.com\/de\/wp-json\/wp\/v2\/media?parent=1599"}],"wp:term":[{"taxonomy":"product_brand","embeddable":true,"href":"https:\/\/coletivoamarelo.com\/de\/wp-json\/wp\/v2\/product_brand?post=1599"},{"taxonomy":"product_cat","embeddable":true,"href":"https:\/\/coletivoamarelo.com\/de\/wp-json\/wp\/v2\/product_cat?post=1599"},{"taxonomy":"product_tag","embeddable":true,"href":"https:\/\/coletivoamarelo.com\/de\/wp-json\/wp\/v2\/product_tag?post=1599"}],"curies":[{"name":"wp","href":"https:\/\/api.w.org\/{rel}","templated":true}]}}