{"id":1287,"date":"2023-04-02T12:16:02","date_gmt":"2023-04-02T12:16:02","guid":{"rendered":"https:\/\/dev.coletivoamarelo.pt\/?post_type=product&#038;p=1287"},"modified":"2025-10-18T11:14:10","modified_gmt":"2025-10-18T11:14:10","slug":"inutil-paisagem-vi","status":"publish","type":"product","link":"https:\/\/coletivoamarelo.com\/de\/produkt\/inutil-paisagem-vi\/","title":{"rendered":"Nutzlose Landschaft VI, 2022"},"content":{"rendered":"<p>Dieses Gem\u00e4lde ist Teil einer Serie, die w\u00e4hrend der Covid-Pandemie im Jahr 2021 begann.<\/p>\n<p>Die \u00fcppige Sch\u00f6nheit der portugiesischen K\u00fcste spiegelt sich in der Umgebung wider, in dem kleinen Dorf, in dem der K\u00fcnstler lebt, in Cascais. Die Landschaften der Guincho-K\u00fcste und des Cabo da Roca sind in vielen seiner Werke pr\u00e4sent. Die Erinnerung an den riesigen Ozean, der sie von ihren emotionalen Wurzeln in Brasilien trennte, und die durch die Pandemie verursachte Ungewissheit \u00fcber die R\u00fcckkehr f\u00fcgten den Gem\u00e4lden, die trotz ihrer \u00dcberschw\u00e4nglichkeit immer entv\u00f6lkert sind, eine Schicht Melancholie hinzu.<\/p>\n<p>Die Serie \u201eIn\u00fatil Paisagem\u201c entstand in Anlehnung an das gleichnamige Lied von Ant\u00f4nio Carlos Jobim.<\/p>\n<p>Der Text des Liedes erw\u00e4hnt dieses Gef\u00fchl der Melancholie und Einsamkeit, das die Landschaft manchmal hervorruft.<\/p>","protected":false},"excerpt":{"rendered":"<p><strong>Gem\u00e4lde ausgew\u00e4hlt und ausgestellt auf der 1. Alentejo International Biennale 2023.<\/strong><\/p>\n<p>\u00d6lgem\u00e4lde aus der Serie \u201eIn\u00fatil Paisagem\u201c, die 2021 w\u00e4hrend der Covid-Zeit begann und Landschaften an der K\u00fcste Portugals darstellt. Dieses Gem\u00e4lde zeigt die Innenansicht der Gruta da Boneca in der Region Carvoeiro an der Algarve. Lieferung mit hellbraunem Holzrahmen. (29,5 x 42 cm)<\/p>","protected":false},"featured_media":1288,"template":"","meta":{"_et_pb_use_builder":"","_et_pb_old_content":"","_et_gb_content_width":""},"product_brand":[],"product_cat":[62],"product_tag":[],"class_list":{"0":"post-1287","1":"product","2":"type-product","3":"status-publish","4":"has-post-thumbnail","6":"product_cat-pintura","7":"cla-autores-gabriela-albuquerque","8":"cla-colections-aaf-amsterdam-2023","10":"first","11":"instock","12":"featured","13":"sold-individually","14":"shipping-taxable","15":"product-type-simple"},"acf":[],"yoast_head":"<!-- This site is optimized with the Yoast SEO Premium plugin v15.3 - https:\/\/yoast.com\/wordpress\/plugins\/seo\/ -->\n<title>In\u00fatil Paisagem VI, 2022 &mdash; Coletivo Amarelo<\/title>\n<meta name=\"robots\" content=\"index, follow, max-snippet:-1, max-image-preview:large, max-video-preview:-1\" \/>\n<link rel=\"canonical\" href=\"https:\/\/coletivoamarelo.com\/de\/produkt\/inutil-paisagem-vi\/\" \/>\n<meta property=\"og:locale\" content=\"de_DE\" \/>\n<meta property=\"og:type\" content=\"article\" \/>\n<meta property=\"og:title\" content=\"In\u00fatil Paisagem VI, 2022 &mdash; Coletivo Amarelo\" \/>\n<meta property=\"og:description\" content=\"Pintura selecionada e exposta na 1a Bienal Internacional do Alentejo 2023.  Pintura a \u00f3leo da s\u00e9rie \u201cIn\u00fatil Paisagem\u201d, iniciada em 2021 durante o per\u00edodo de Covid, representando paisagens da costa de Portugal. Esta pintura ilustra a vista interna da Gruta da Boneca, na regi\u00e3o do Carvoeiro, no Algarve. Entregue j\u00e1 com moldura em madeira marrom claro. (29.5 x 42 cm)\" \/>\n<meta property=\"og:url\" content=\"https:\/\/coletivoamarelo.com\/de\/produkt\/inutil-paisagem-vi\/\" \/>\n<meta property=\"og:site_name\" content=\"Coletivo Amarelo\" \/>\n<meta property=\"article:modified_time\" content=\"2025-10-18T11:14:10+00:00\" \/>\n<meta property=\"og:image\" content=\"https:\/\/coletivoamarelo.com\/wp-content\/uploads\/2023\/04\/GALBPAINT029.jpg\" \/>\n\t<meta property=\"og:image:width\" content=\"731\" \/>\n\t<meta property=\"og:image:height\" content=\"1024\" \/>\n<meta name=\"twitter:card\" content=\"summary_large_image\" \/>\n<meta name=\"twitter:label1\" content=\"Verfasst von\">\n\t<meta name=\"twitter:data1\" content=\"Alexandre Cagnoni\">\n\t<meta name=\"twitter:label2\" content=\"Gesch\u00e4tzte Lesezeit\">\n\t<meta name=\"twitter:data2\" content=\"1\u00a0Minute\">\n<script type=\"application\/ld+json\" class=\"yoast-schema-graph\">{\"@context\":\"https:\/\/schema.org\",\"@graph\":[{\"@type\":\"Organization\",\"@id\":\"https:\/\/coletivoamarelo.com\/#organization\",\"name\":\"Coletivo Amarelo\",\"url\":\"https:\/\/coletivoamarelo.com\/\",\"sameAs\":[],\"logo\":{\"@type\":\"ImageObject\",\"@id\":\"https:\/\/coletivoamarelo.com\/#logo\",\"inLanguage\":\"de\",\"url\":\"https:\/\/coletivoamarelo.com\/wp-content\/uploads\/2023\/01\/coletivo-amarelo-logo-04.svg\",\"caption\":\"Coletivo Amarelo\"},\"image\":{\"@id\":\"https:\/\/coletivoamarelo.com\/#logo\"}},{\"@type\":\"WebSite\",\"@id\":\"https:\/\/coletivoamarelo.com\/#website\",\"url\":\"https:\/\/coletivoamarelo.com\/\",\"name\":\"Coletivo Amarelo\",\"description\":\"\",\"publisher\":{\"@id\":\"https:\/\/coletivoamarelo.com\/#organization\"},\"potentialAction\":[{\"@type\":\"SearchAction\",\"target\":\"https:\/\/coletivoamarelo.com\/?s={search_term_string}\",\"query-input\":\"required name=search_term_string\"}],\"inLanguage\":\"de\"},{\"@type\":\"ImageObject\",\"@id\":\"https:\/\/coletivoamarelo.com\/produto\/inutil-paisagem-vi\/#primaryimage\",\"inLanguage\":\"de\",\"url\":\"https:\/\/coletivoamarelo.com\/wp-content\/uploads\/2023\/04\/GALBPAINT029.jpg\",\"width\":731,\"height\":1024,\"caption\":\"Inutil Paisagem VI\"},{\"@type\":\"WebPage\",\"@id\":\"https:\/\/coletivoamarelo.com\/produto\/inutil-paisagem-vi\/#webpage\",\"url\":\"https:\/\/coletivoamarelo.com\/produto\/inutil-paisagem-vi\/\",\"name\":\"In\\u00fatil Paisagem VI, 2022 &mdash; Coletivo Amarelo\",\"isPartOf\":{\"@id\":\"https:\/\/coletivoamarelo.com\/#website\"},\"primaryImageOfPage\":{\"@id\":\"https:\/\/coletivoamarelo.com\/produto\/inutil-paisagem-vi\/#primaryimage\"},\"datePublished\":\"2023-04-02T12:16:02+00:00\",\"dateModified\":\"2025-10-18T11:14:10+00:00\",\"breadcrumb\":{\"@id\":\"https:\/\/coletivoamarelo.com\/produto\/inutil-paisagem-vi\/#breadcrumb\"},\"inLanguage\":\"de\",\"potentialAction\":[{\"@type\":\"ReadAction\",\"target\":[\"https:\/\/coletivoamarelo.com\/produto\/inutil-paisagem-vi\/\"]}]},{\"@type\":\"BreadcrumbList\",\"@id\":\"https:\/\/coletivoamarelo.com\/produto\/inutil-paisagem-vi\/#breadcrumb\",\"itemListElement\":[{\"@type\":\"ListItem\",\"position\":1,\"item\":{\"@type\":\"WebPage\",\"@id\":\"https:\/\/coletivoamarelo.com\/\",\"url\":\"https:\/\/coletivoamarelo.com\/\",\"name\":\"Home\"}},{\"@type\":\"ListItem\",\"position\":2,\"item\":{\"@type\":\"WebPage\",\"@id\":\"https:\/\/coletivoamarelo.com\/colecao\/\",\"url\":\"https:\/\/coletivoamarelo.com\/colecao\/\",\"name\":\"Cole\\u00e7\\u00e3o\"}},{\"@type\":\"ListItem\",\"position\":3,\"item\":{\"@type\":\"WebPage\",\"@id\":\"https:\/\/coletivoamarelo.com\/produto\/inutil-paisagem-vi\/\",\"url\":\"https:\/\/coletivoamarelo.com\/produto\/inutil-paisagem-vi\/\",\"name\":\"In\\u00fatil Paisagem VI, 2022\"}}]}]}<\/script>\n<!-- \/ Yoast SEO Premium plugin. -->","jetpack_sharing_enabled":true,"_links":{"self":[{"href":"https:\/\/coletivoamarelo.com\/de\/wp-json\/wp\/v2\/product\/1287","targetHints":{"allow":["GET"]}}],"collection":[{"href":"https:\/\/coletivoamarelo.com\/de\/wp-json\/wp\/v2\/product"}],"about":[{"href":"https:\/\/coletivoamarelo.com\/de\/wp-json\/wp\/v2\/types\/product"}],"wp:featuredmedia":[{"embeddable":true,"href":"https:\/\/coletivoamarelo.com\/de\/wp-json\/wp\/v2\/media\/1288"}],"wp:attachment":[{"href":"https:\/\/coletivoamarelo.com\/de\/wp-json\/wp\/v2\/media?parent=1287"}],"wp:term":[{"taxonomy":"product_brand","embeddable":true,"href":"https:\/\/coletivoamarelo.com\/de\/wp-json\/wp\/v2\/product_brand?post=1287"},{"taxonomy":"product_cat","embeddable":true,"href":"https:\/\/coletivoamarelo.com\/de\/wp-json\/wp\/v2\/product_cat?post=1287"},{"taxonomy":"product_tag","embeddable":true,"href":"https:\/\/coletivoamarelo.com\/de\/wp-json\/wp\/v2\/product_tag?post=1287"}],"curies":[{"name":"wp","href":"https:\/\/api.w.org\/{rel}","templated":true}]}}