{"id":3,"date":"2023-01-20T16:46:02","date_gmt":"2023-01-20T16:46:02","guid":{"rendered":"https:\/\/dev.coletivoamarelo.pt\/?page_id=3"},"modified":"2023-05-12T18:34:53","modified_gmt":"2023-05-12T18:34:53","slug":"politica_de_privacidade","status":"publish","type":"page","link":"https:\/\/coletivoamarelo.com\/de\/politica_de_privacidade\/","title":{"rendered":"Datenschutzrichtlinie"},"content":{"rendered":"<p id=\"tw-target-text\" class=\"tw-data-text tw-text-large tw-ta\"><span class=\"Y2IQFc\">Diese Datenschutzrichtlinie beschreibt, wie colectivoamarelo.com (die \u201eWebsite\u201c oder \u201ewir\u201c) Ihre pers\u00f6nlichen Daten sammelt, verwendet und offenlegt, wenn Sie die Website besuchen oder einen Kauf t\u00e4tigen.<\/span><\/p>\r\n<h3 id=\"tw-target-text\" class=\"tw-data-text tw-text-large tw-ta wp-block-heading\"><span class=\"Y2IQFc\">SAMMELN PERS\u00d6NLICHER DATEN<\/span><\/h3>\r\n<p class=\"tw-data-text tw-text-large tw-ta\"><span class=\"Y2IQFc\">Wenn Sie die Website besuchen, erfassen wir bestimmte Informationen \u00fcber Ihr Ger\u00e4t, Ihre Interaktion mit der Website und Informationen, die zur Abwicklung Ihrer Eink\u00e4ufe erforderlich sind. Wir erfassen m\u00f6glicherweise auch zus\u00e4tzliche Informationen, wenn Sie uns f\u00fcr den Kundensupport kontaktieren. In dieser Datenschutzrichtlinie bezeichnen wir alle Informationen, die eine Person eindeutig identifizieren k\u00f6nnen (einschlie\u00dflich der unten aufgef\u00fchrten Informationen), als \u201epersonenbezogene Daten\u201c. Weitere Informationen dar\u00fcber, welche personenbezogenen Daten wir erfassen und warum, finden Sie in der folgenden Liste.<\/span><\/p>\r\n<p><span class=\"Y2IQFc\">Ger\u00e4teinformation<\/span><\/p>\r\n<ul>\r\n<li><span class=\"Y2IQFc\"><strong>Beispiele f\u00fcr erfasste personenbezogene Daten:<\/strong>\u00a0Webbrowser-Version, IP-Adresse, Zeitzone, Cookie-Informationen, welche Websites oder Produkte Sie ansehen, Suchbegriffe und wie Sie mit der Website interagieren.<\/span><\/li>\r\n<li><span class=\"Y2IQFc\"><strong>Erhebungszweck:<\/strong>\u00a0Laden Sie die Website genau f\u00fcr Sie und f\u00fchren Sie zu Optimierungszwecken eine Analyse der Nutzung unserer Website durch.<\/span><\/li>\r\n<li><span class=\"Y2IQFc\"><strong>Sammlungsquelle:<\/strong>\u00a0werden automatisch erfasst, wenn Sie auf unsere Website zugreifen, und zwar mithilfe von Cookies, Protokolldateien, Web-Beacons, Tags oder Pixeln.<\/span><\/li>\r\n<li><span class=\"Y2IQFc\"><strong>Weitergabe zu kommerziellen Zwecken:<\/strong>\u00a0mit unserem Auftragsverarbeiter Shopify geteilt.<\/span><\/li>\r\n<\/ul>\r\n<p><span class=\"Y2IQFc\">Bestellinformationen<\/span><\/p>\r\n<ul>\r\n<li><span class=\"Y2IQFc\"><strong>Beispiele f\u00fcr erfasste personenbezogene Daten:<\/strong>\u00a0Name, Rechnungsadresse, Lieferadresse, Zahlungsinformationen (einschlie\u00dflich Kreditkartennummern), E-Mail-Adresse und Telefonnummer.<\/span><\/li>\r\n<li><span class=\"Y2IQFc\"><strong>Zweck der Erhebung:<\/strong>\u00a0Bereitstellung von Produkten oder Dienstleistungen f\u00fcr Sie, um unseren Vertrag zu erf\u00fcllen, Ihre Zahlungsinformationen zu verarbeiten, den Versand zu arrangieren und Rechnungen und\/oder Bestellbest\u00e4tigungen bereitzustellen, mit Ihnen zu kommunizieren, unsere Bestellungen auf m\u00f6gliche Risiken oder Betrug zu \u00fcberpr\u00fcfen und wenn dies gem\u00e4\u00df den von Ihnen mitgeteilten Pr\u00e4ferenzen erfolgt mit uns, um Ihnen Informationen oder Werbung zu unseren Produkten oder Dienstleistungen zukommen zu lassen.<\/span><\/li>\r\n<li><span class=\"Y2IQFc\"><strong>Sammlungsquelle:<\/strong>\u00a0von Ihnen gesammelt.<\/span><\/li>\r\n<li><span class=\"Y2IQFc\"><strong>Weitergabe zu kommerziellen Zwecken:<\/strong>\u00a0mit unserem Auftragsverarbeiter Shopify geteilt, Adressinformationen f\u00fcr den Spediteur.<\/span><\/li>\r\n<\/ul>\r\n<p><u>Informationen f\u00fcr den Kundensupport<\/u><\/p>\r\n<ul>\r\n<li><span class=\"Y2IQFc\"><strong>Beispiele f\u00fcr erfasste personenbezogene Daten:<\/strong>\u00a0Kontaktinformationen wie Name, E-Mail und Telefonnummer<\/span><\/li>\r\n<li><span class=\"Y2IQFc\"><strong>Erhebungszweck:<\/strong>\u00a0Bereitstellung von Kundensupport.<\/span><\/li>\r\n<li><span class=\"Y2IQFc\"><strong>Sammlungsquelle:<\/strong>\u00a0von Ihnen gesammelt.<\/span><\/li>\r\n<li><span class=\"Y2IQFc\"><strong>Weitergabe zu kommerziellen Zwecken:<\/strong>\u00a0nicht an Dritte weitergegeben<\/span><\/li>\r\n<\/ul>\r\n<p><u>Blog-Informationen<\/u><\/p>\r\n<ul>\r\n<li><span class=\"Y2IQFc\"><strong>Beispiele f\u00fcr erfasste personenbezogene Daten:<\/strong>\u00a0Kontaktinformationen wie Name, E-Mail und Telefonnummer<\/span><\/li>\r\n<li><span class=\"Y2IQFc\"><strong>Erhebungszweck:<\/strong>\u00a0Senden Sie Blog-Updates oder erlauben Sie Blog-Kommentare.<\/span><\/li>\r\n<li><span class=\"Y2IQFc\"><strong>Sammlungsquelle:<\/strong>\u00a0von Ihnen gesammelt.<\/span><\/li>\r\n<li><span class=\"Y2IQFc\"><strong>Weitergabe zu kommerziellen Zwecken:<\/strong>\u00a0nicht an Dritte weitergegeben<\/span><\/li>\r\n<\/ul>\r\n<h3>TEILUNG PERS\u00d6NLICHER DATEN<\/h3>\r\n<p>Wir geben Ihre personenbezogenen Daten an Dienstleister weiter, um uns bei der Bereitstellung unserer Dienste und der Erf\u00fcllung unserer Vertr\u00e4ge mit Ihnen wie oben beschrieben zu unterst\u00fctzen. Zum Beispiel:<\/p>\r\n<ul>\r\n<li>Wir nutzen Shopify, um unseren Online-Shop zu betreiben. Mehr dar\u00fcber, wie Shopify Ihre pers\u00f6nlichen Daten verwendet, k\u00f6nnen Sie hier lesen:\u00a0<a href=\"https:\/\/www.shopify.com\/legal\/privacy\" target=\"_blank\" rel=\"null noopener\" aria-describedby=\"a11y-new-window-external-message\">https:\/\/www.shopify.com\/legal\/privacy<\/a>.<\/li>\r\n<li>Wir k\u00f6nnen Ihre personenbezogenen Daten weitergeben, um geltende Gesetze und Vorschriften einzuhalten, auf eine Vorladung, einen Durchsuchungsbefehl oder andere rechtm\u00e4\u00dfige Informationsanfragen, die wir erhalten, zu reagieren oder um unsere Rechte zu sch\u00fctzen.<\/li>\r\n<\/ul>\r\n<h3>VERHALTENSWERBUNG<\/h3>\r\n<p>Wie oben beschrieben verwenden wir Ihre personenbezogenen Daten, um gezielte Werbung oder Marketingmitteilungen bereitzustellen, von denen wir glauben, dass sie f\u00fcr Sie von Interesse sind. Zum Beispiel:<\/p>\r\n<ul>\r\n<li>Wir verwenden Google Analytics, um zu verstehen, wie unsere Kunden die Website nutzen. Weitere Informationen zur Verwendung Ihrer personenbezogenen Daten durch Google finden Sie hier:\u00a0<a href=\"https:\/\/policies.google.com\/privacy\" target=\"_blank\" rel=\"null noopener\" aria-describedby=\"a11y-new-window-external-message\">https:\/\/policies.google.com\/privacy<\/a>.Sie k\u00f6nnen Google Analytics auch hier deaktivieren:\u00a0<a href=\"https:\/\/tools.google.com\/%20dlpage\/gaoptout\" target=\"_blank\" rel=\"null noopener\" aria-describedby=\"a11y-new-window-external-message\">https:\/\/tools.google.com\/dlpage\/gaoptout<\/a>.<\/li>\r\n<\/ul>\r\n<p>Weitere Informationen dar\u00fcber, wie zielgerichtete Werbung funktioniert, finden Sie auf der Bildungsseite der Network Advertising Initiative (\u201eNAI\u201c) unter\u00a0<a href=\"http:\/\/www.networkadvertising.org\/understanding-online-advertising\/how-does-it-work\" target=\"_blank\" rel=\"null noopener\" aria-describedby=\"a11y-new-window-external-message\">http:\/\/www.networkadvertising.org\/understanding-online-advertising\/how-does-it-work<\/a>.<br \/><br \/>Sie k\u00f6nnen gezielte Werbung deaktivieren:<\/p>\r\n<ul>\r\n<li>FACEBOOK -\u00a0<a href=\"https:\/\/www.facebook.com\/settings\/?tab=ads\" target=\"_blank\" rel=\"null noopener\" aria-describedby=\"a11y-new-window-external-message\">https:\/\/www.facebook.com\/settings\/?tab=ads<\/a><\/li>\r\n<li>GOOGLE -\u00a0<a href=\"https:\/\/www.google.com\/settings\/ads\/anonymous\" target=\"_blank\" rel=\"null noopener\" aria-describedby=\"a11y-new-window-external-message\">https:\/\/www.google.com\/settings\/ads\/anonymous<\/a><\/li>\r\n<li>BING \u2013\u00a0<a href=\"https:\/\/advertise.bingads.microsoft.com\/en-us\/resources\/policies\/personalized-ads\" target=\"_blank\" rel=\"null noopener\" aria-describedby=\"a11y-new-window-external-message\">https:\/\/advertise.bingads.microsoft.com\/en-us\/resources\/policies\/personalized-ads<\/a><\/li>\r\n<\/ul>\r\n<p>Dar\u00fcber hinaus k\u00f6nnen Sie sich von einigen dieser Dienste abmelden, indem Sie das Opt-out-Portal der Digital Advertising Alliance unter folgender Adresse besuchen:\u00a0<a href=\"http:\/\/optout.aboutads.info\/\" target=\"_blank\" rel=\"null noopener\" aria-describedby=\"a11y-new-window-external-message\">http:\/\/optout.aboutads.info\/<\/a>.<\/p>\r\n<h3>VERWENDUNG PERS\u00d6NLICHER DATEN<\/h3>\r\n<p>Wir nutzen Ihre personenbezogenen Daten, um Ihnen unsere Dienstleistungen anzubieten, zu denen das Anbieten von Produkten zum Verkauf, die Zahlungsabwicklung, der Versand und die Ausf\u00fchrung Ihrer Bestellung sowie die Benachrichtigung \u00fcber neue Produkte, Dienstleistungen und Angebote geh\u00f6ren.<\/p>\r\n<h3>RECHTLICHE GRUNDLAGE<\/h3>\r\n<p>Gem\u00e4\u00df der Datenschutz-Grundverordnung (\u201eDSGVO\u201c) verarbeiten wir Ihre personenbezogenen Daten auf Grundlage der folgenden Rechtsgrundlagen, wenn Sie im Europ\u00e4ischen Wirtschaftsraum (\u201eEWR\u201c) ans\u00e4ssig sind:<\/p>\r\n<ul>\r\n<li>Ihre Genehmigung;<\/li>\r\n<li>Die Erf\u00fcllung des Vertrags zwischen Ihnen und der Website;<\/li>\r\n<li>Einhaltung unserer gesetzlichen Verpflichtungen;<\/li>\r\n<li>Um Ihre lebenswichtigen Interessen zu sch\u00fctzen;<\/li>\r\n<li>Eine Aufgabe von \u00f6ffentlichem Interesse ausf\u00fchren;<\/li>\r\n<li>F\u00fcr unsere berechtigten Interessen, die Ihre Grundrechte und Grundfreiheiten nicht au\u00dfer Kraft setzen.<\/li>\r\n<\/ul>\r\n<h4>ZUR\u00dcCKBEHALTUNG<\/h4>\r\n<p>Wenn Sie \u00fcber die Website eine Bestellung aufgeben, speichern wir Ihre personenbezogenen Daten f\u00fcr unsere Unterlagen, es sei denn, Sie bitten uns, diese Daten zu l\u00f6schen. Weitere Informationen zu Ihrem Recht auf L\u00f6schung finden Sie unten im Abschnitt \u201eIhre Rechte\u201c.<\/p>\r\n<h4>AUTOMATISCHE ENTSCHEIDUNGSFINDUNG<\/h4>\r\n<p>Wenn Sie im EWR ans\u00e4ssig sind, haben Sie das Recht, der Verarbeitung, die ausschlie\u00dflich auf einer automatisierten Entscheidungsfindung (einschlie\u00dflich Profiling) beruht, zu widersprechen, wenn diese Entscheidungsfindung rechtliche Auswirkungen auf Sie hat oder Sie anderweitig erheblich beeintr\u00e4chtigt.<br \/><br \/>Wir treffen vollautomatisierte Entscheidungen, die rechtliche oder erhebliche Auswirkungen haben, und nutzen dabei Kundendaten.<br \/><br \/>Unser Shopify-Verarbeiter nutzt eine begrenzte automatisierte Entscheidungsfindung, um Betrug zu verhindern, der keine rechtlichen oder materiellen Auswirkungen auf Sie hat.<br \/><br \/>Zu den Diensten, die Elemente der automatisierten Entscheidungsfindung umfassen, geh\u00f6ren:<\/p>\r\n<ul>\r\n<li>Tempor\u00e4re Sperrliste von IP-Adressen, die mit wiederholten fehlgeschlagenen Transaktionen verkn\u00fcpft sind. Diese Ablehnungsliste bleibt f\u00fcr einige Stunden bestehen.<\/li>\r\n<li>Tempor\u00e4re Ablehnungsliste von Kreditkarten, die mit abgelehnten IP-Adressen verkn\u00fcpft sind. Diese Ablehnungsliste bleibt einige Tage lang bestehen.<\/li>\r\n<\/ul>\r\n<h3 id=\"tw-target-text\" class=\"tw-data-text tw-text-large tw-ta\"><span class=\"Y2IQFc\">DEINE RECHTE<br \/><\/span><\/h3>\r\n<h4 class=\"tw-data-text tw-text-large tw-ta\"><span class=\"Y2IQFc\">DSGVO<\/span><\/h4>\r\n<p class=\"tw-data-text tw-text-large tw-ta\"><span class=\"Y2IQFc\">Wenn Sie im EWR ans\u00e4ssig sind, haben Sie das Recht, auf die von uns \u00fcber Sie gespeicherten personenbezogenen Daten zuzugreifen, diese an einen neuen Dienst zu \u00fcbertragen und zu verlangen, dass Ihre personenbezogenen Daten korrigiert, aktualisiert oder gel\u00f6scht werden. Wenn Sie diese Rechte aus\u00fcben m\u00f6chten, kontaktieren Sie uns bitte \u00fcber die auf unserer Website verf\u00fcgbaren Kontaktinformationen.<\/span><\/p>\r\n<p class=\"tw-data-text tw-text-large tw-ta\"><span class=\"Y2IQFc\">Ihre personenbezogenen Daten werden zun\u00e4chst in Irland verarbeitet und dann zur weiteren Speicherung und Verarbeitung au\u00dferhalb Europas \u00fcbertragen, unter anderem nach Kanada und in die Vereinigten Staaten. Weitere Informationen dar\u00fcber, wie Daten\u00fcbertragungen der DSGVO entsprechen, finden Sie im DSGVO-Whitepaper von Shopify:\u00a0<a href=\"https:\/\/help.shopify.com\/pt-BR\/manual\/your-account\/privacy\/GDPR\" target=\"_blank\" rel=\"noopener noreferrer\" aria-describedby=\"a11y-new-window-external-message\">https:\/\/help.shopify.com\/pt-BR\/manual\/your-account\/privacy\/GDPR<\/a>.<\/span><\/p>\r\n<h4 class=\"tw-data-text tw-text-large tw-ta\"><span class=\"Y2IQFc\">CCPA<\/span><\/h4>\r\n<p class=\"tw-data-text tw-text-large tw-ta\"><span class=\"Y2IQFc\">Wenn Sie in Kalifornien wohnen, haben Sie das Recht, auf die von uns \u00fcber Sie gespeicherten personenbezogenen Daten zuzugreifen (auch bekannt als \u201eRecht auf Kenntnis\u201c), sie an einen neuen Dienst zu \u00fcbertragen und die Korrektur, Aktualisierung oder Aktualisierung Ihrer personenbezogenen Daten zu verlangen gel\u00f6scht. Wenn Sie diese Rechte aus\u00fcben m\u00f6chten, kontaktieren Sie uns bitte \u00fcber die auf unserer Website verf\u00fcgbaren Kontaktinformationen.<\/span><\/p>\r\n<p class=\"tw-data-text tw-text-large tw-ta\"><span class=\"Y2IQFc\">Wenn Sie einen autorisierten Vertreter benennen m\u00f6chten, der diese Anfragen in Ihrem Namen einreicht, kontaktieren Sie uns bitte unter derselben Adresse.<\/span><\/p>\r\n<h3>KEKSE<\/h3>\r\n<p>Ein Cookie ist eine kleine Informationsmenge, die auf Ihren Computer oder Ihr Ger\u00e4t heruntergeladen wird, wenn Sie unsere Website besuchen. Wir verwenden eine Reihe verschiedener Cookies, darunter Funktions-, Leistungs-, Werbe- und Social-Media- oder Inhalts-Cookies. Cookies verbessern Ihr Surferlebnis, indem sie es der Website erm\u00f6glichen, sich an Ihre Aktionen und Pr\u00e4ferenzen (z. B. Anmeldung und Regionsauswahl) zu erinnern. Dies bedeutet, dass Sie diese Informationen nicht jedes Mal erneut eingeben m\u00fcssen, wenn Sie zur Website zur\u00fcckkehren oder von einer Seite zur anderen navigieren. Cookies liefern auch Informationen dar\u00fcber, wie Menschen die Website nutzen, beispielsweise ob es sich um ihren ersten Besuch handelt oder ob es sich um wiederholte Besucher handelt.<br \/><br \/>Wir verwenden die folgenden Cookies, um Ihr Erlebnis auf unserer Website zu optimieren und unsere Dienste bereitzustellen.<br \/><br \/><strong>Cookies, die f\u00fcr die Funktion des Shops erforderlich sind<\/strong><\/p>\r\n<table>\r\n<thead>\r\n<tr>\r\n<th><strong>Name<\/strong><\/th>\r\n<th><strong>Funktion<\/strong><\/th>\r\n<\/tr>\r\n<\/thead>\r\n<tbody>\r\n<tr>\r\n<td><i>_ab<\/i><\/td>\r\n<td>Wird im Zusammenhang mit dem administrativen Zugriff verwendet.<\/td>\r\n<\/tr>\r\n<tr>\r\n<td><i>_secure_session_id<\/i><\/td>\r\n<td>Wird in Verbindung mit der Navigation auf der Shop-Seite verwendet.<\/td>\r\n<\/tr>\r\n<tr>\r\n<td><i>Karte<\/i><\/td>\r\n<td>Wird im Zusammenhang mit dem Warenkorb verwendet.<\/td>\r\n<\/tr>\r\n<tr>\r\n<td><i>cart_sig<\/i><\/td>\r\n<td>Wird im Zusammenhang mit der Kasse verwendet.<\/td>\r\n<\/tr>\r\n<tr>\r\n<td><i>cart_ts<\/i><\/td>\r\n<td>Wird im Zusammenhang mit der Kasse verwendet.<\/td>\r\n<\/tr>\r\n<tr>\r\n<td><i>checkout_token<\/i><\/td>\r\n<td>Wird im Zusammenhang mit der Kasse verwendet.<\/td>\r\n<\/tr>\r\n<tr>\r\n<td><i>Geheimnis<\/i><\/td>\r\n<td>Wird im Zusammenhang mit der Kasse verwendet.<\/td>\r\n<\/tr>\r\n<tr>\r\n<td><i>secure_customer_sig<\/i><\/td>\r\n<td>Wird im Zusammenhang mit der Kundenanmeldung verwendet.<\/td>\r\n<\/tr>\r\n<tr>\r\n<td><i>storefront_digest<\/i><\/td>\r\n<td>Wird im Zusammenhang mit der Kundenanmeldung verwendet.<\/td>\r\n<\/tr>\r\n<tr>\r\n<td><i>_shopify_u<\/i><\/td>\r\n<td>Wird verwendet, um die Aktualisierung von Kundenkontoinformationen zu erleichtern.<\/td>\r\n<\/tr>\r\n<\/tbody>\r\n<\/table>\r\n<h4>\u00a0<\/h4>\r\n<h4>BERICHTE UND ANALYSEN<\/h4>\r\n<table>\r\n<tbody>\r\n<tr>\r\n<th><strong>Name<\/strong><\/th>\r\n<th><strong>Funktion<\/strong><\/th>\r\n<\/tr>\r\n<tr>\r\n<td><i>_tracking_consent<\/i><\/td>\r\n<td>Tracking-Pr\u00e4ferenzen.<\/td>\r\n<\/tr>\r\n<tr>\r\n<td><i>_landing_page<\/i><\/td>\r\n<td>Landingpages crawlen.<\/td>\r\n<\/tr>\r\n<tr>\r\n<td><i>_orig_referrer<\/i><\/td>\r\n<td>Landingpages crawlen.<\/td>\r\n<\/tr>\r\n<tr>\r\n<td><i>_S<\/i><\/td>\r\n<td>Shopify-Analysen.<\/td>\r\n<\/tr>\r\n<tr>\r\n<td><i>_shopify_fs<\/i><\/td>\r\n<td>Shopify-Analysen.<\/td>\r\n<\/tr>\r\n<tr>\r\n<td><i>_shopify_s<\/i><\/td>\r\n<td>Shopify-Analysen.<\/td>\r\n<\/tr>\r\n<tr>\r\n<td><i>_shopify_sa_p<\/i><\/td>\r\n<td>Shopify-Analysen im Zusammenhang mit Marketing, Marketing und Empfehlungen.<\/td>\r\n<\/tr>\r\n<tr>\r\n<td><i>_shopify_sa_t<\/i><\/td>\r\n<td>Shopify-Analysen im Zusammenhang mit Marketing, Marketing und Empfehlungen.<\/td>\r\n<\/tr>\r\n<tr>\r\n<td><i>_shopify_y<\/i><\/td>\r\n<td>Shopify-Analysen.<\/td>\r\n<\/tr>\r\n<tr>\r\n<td><i>_y<\/i><\/td>\r\n<td>Shopify-Analysen.<\/td>\r\n<\/tr>\r\n<\/tbody>\r\n<\/table>\r\n<p>&nbsp;<\/p>\r\n<p>Die Verweildauer eines Cookies auf Ihrem Computer oder Mobilger\u00e4t h\u00e4ngt davon ab, ob es sich um ein \u201edauerhaftes\u201c oder ein \u201eSitzungs\u201c-Cookie handelt. Sitzungscookies bleiben bestehen, bis Sie mit dem Surfen aufh\u00f6ren, und dauerhafte Cookies bleiben bestehen, bis sie ablaufen oder gel\u00f6scht werden. Die meisten der von uns verwendeten Cookies sind dauerhaft und verfallen zwischen 30 Minuten und zwei Jahren nach dem Datum, an dem sie auf Ihr Ger\u00e4t heruntergeladen werden.<br \/><br \/>Sie k\u00f6nnen Cookies auf verschiedene Arten steuern und verwalten. Bitte beachten Sie, dass das Entfernen oder Blockieren von Cookies Ihr Benutzererlebnis beeintr\u00e4chtigen kann und Teile unserer Website m\u00f6glicherweise nicht mehr vollst\u00e4ndig zug\u00e4nglich sind.<br \/><br \/>Die meisten Browser akzeptieren Cookies automatisch, aber Sie k\u00f6nnen \u00fcber die Steuerelemente Ihres Browsers, die Sie normalerweise im Men\u00fc \u201eExtras\u201c oder \u201eEinstellungen\u201c Ihres Browsers finden, entscheiden, ob Sie Cookies akzeptieren m\u00f6chten oder nicht. Weitere Informationen zum \u00c4ndern Ihrer Browsereinstellungen oder zum Blockieren, Verwalten oder Filtern von Cookies finden Sie in der Hilfedatei Ihres Browsers oder auf Websites wie\u00a0<a href=\"http:\/\/www.allaboutcookies.org\/\" target=\"_blank\" rel=\"noopener noreferrer\" aria-describedby=\"a11y-new-window-external-message\">www.allaboutcookies.org<\/a>.<br \/><br \/>Bitte beachten Sie au\u00dferdem, dass das Blockieren von Cookies m\u00f6glicherweise nicht vollst\u00e4ndig verhindert, dass wir Informationen an Dritte weitergeben, beispielsweise an unsere Werbepartner. Um Ihre Rechte auszu\u00fcben oder bestimmte Nutzungen Ihrer Daten durch diese Parteien abzulehnen, befolgen Sie die Anweisungen im Abschnitt \u201eVerhaltensbezogene Werbung\u201c oben.<\/p>\r\n<h3>NICHT VERFOLGEN<\/h3>\r\n<p>Bitte beachten Sie, dass wir unsere Datenerfassungs- und -nutzungspraktiken nicht \u00e4ndern, wenn wir ein solches Signal von Ihrem Browser erkennen, da es in der Branche kein einheitliches Verst\u00e4ndnis dar\u00fcber gibt, wie auf \u201eDo Not Track\u201c-Signale reagiert werden soll.<\/p>\r\n<h3>\u00c4NDERUNGEN<\/h3>\r\n<p>Wir k\u00f6nnen diese Datenschutzrichtlinie von Zeit zu Zeit aktualisieren, um beispielsweise \u00c4nderungen an unseren Praktiken oder aus anderen betrieblichen, rechtlichen oder regulatorischen Gr\u00fcnden Rechnung zu tragen.<\/p>\r\n<h3>KONTAKT<\/h3>\r\n<p>F\u00fcr weitere Informationen zu unseren Datenschutzpraktiken, wenn Sie Fragen haben oder eine Beschwerde einreichen m\u00f6chten, kontaktieren Sie uns bitte per E-Mail unter contact@coletivoamarelo.com oder per Post unter den unten angegebenen Kontaktdaten:<br \/><br \/>R. Kapit\u00e4n Leit\u00e3o 74, Lissabon, 1950-052, Portugal<br \/><br \/>Letzte Aktualisierung: 9. Mai 2023<br \/><br \/><br \/>Wenn Sie mit unserer Antwort auf Ihre Beschwerde nicht zufrieden sind, haben Sie das Recht, Ihre Beschwerde bei der zust\u00e4ndigen Datenschutzbeh\u00f6rde einzureichen. Sie k\u00f6nnen sich an Ihre \u00f6rtliche Datenschutzbeh\u00f6rde wenden.<\/p>","protected":false},"excerpt":{"rendered":"<p>Esta Pol\u00edtica de Privacidade descreve como coletivoamarelo.com (o \u201cSite\u201d ou \u201cn\u00f3s\u201d) coleta, usa e divulga suas Informa\u00e7\u00f5es Pessoais quando voc\u00ea visita ou faz uma compra no Site. COLETANDO INFORMA\u00c7\u00d5ES PESSOAIS Quando voc\u00ea visita o Site, coletamos certas informa\u00e7\u00f5es sobre seu dispositivo, sua intera\u00e7\u00e3o com o Site e informa\u00e7\u00f5es necess\u00e1rias para processar suas compras. Tamb\u00e9m podemos [&hellip;]<\/p>\n","protected":false},"author":4,"featured_media":0,"parent":0,"menu_order":0,"comment_status":"closed","ping_status":"open","template":"","meta":{"_et_pb_use_builder":"","_et_pb_old_content":"","_et_gb_content_width":"","footnotes":""},"class_list":["post-3","page","type-page","status-publish","hentry"],"acf":[],"yoast_head":"<!-- This site is optimized with the Yoast SEO Premium plugin v15.3 - https:\/\/yoast.com\/wordpress\/plugins\/seo\/ -->\n<title>Pol\u00edtica de Privacidade &mdash; Coletivo Amarelo<\/title>\n<meta name=\"robots\" content=\"index, follow, max-snippet:-1, max-image-preview:large, max-video-preview:-1\" \/>\n<link rel=\"canonical\" href=\"https:\/\/coletivoamarelo.com\/de\/politica_de_privacidade\/\" \/>\n<meta property=\"og:locale\" content=\"de_DE\" \/>\n<meta property=\"og:type\" content=\"article\" \/>\n<meta property=\"og:title\" content=\"Pol\u00edtica de Privacidade &mdash; Coletivo Amarelo\" \/>\n<meta property=\"og:description\" content=\"Esta Pol\u00edtica de Privacidade descreve como coletivoamarelo.com (o \u201cSite\u201d ou \u201cn\u00f3s\u201d) coleta, usa e divulga suas Informa\u00e7\u00f5es Pessoais quando voc\u00ea visita ou faz uma compra no Site. COLETANDO INFORMA\u00c7\u00d5ES PESSOAIS Quando voc\u00ea visita o Site, coletamos certas informa\u00e7\u00f5es sobre seu dispositivo, sua intera\u00e7\u00e3o com o Site e informa\u00e7\u00f5es necess\u00e1rias para processar suas compras. Tamb\u00e9m podemos [&hellip;]\" \/>\n<meta property=\"og:url\" content=\"https:\/\/coletivoamarelo.com\/de\/politica_de_privacidade\/\" \/>\n<meta property=\"og:site_name\" content=\"Coletivo Amarelo\" \/>\n<meta property=\"article:modified_time\" content=\"2023-05-12T18:34:53+00:00\" \/>\n<meta name=\"twitter:card\" content=\"summary_large_image\" \/>\n<meta name=\"twitter:label1\" content=\"Verfasst von\">\n\t<meta name=\"twitter:data1\" content=\"Alexandre Cagnoni\">\n\t<meta name=\"twitter:label2\" content=\"Gesch\u00e4tzte Lesezeit\">\n\t<meta name=\"twitter:data2\" content=\"8\u00a0Minuten\">\n<script type=\"application\/ld+json\" class=\"yoast-schema-graph\">{\"@context\":\"https:\/\/schema.org\",\"@graph\":[{\"@type\":\"Organization\",\"@id\":\"https:\/\/coletivoamarelo.com\/#organization\",\"name\":\"Coletivo Amarelo\",\"url\":\"https:\/\/coletivoamarelo.com\/\",\"sameAs\":[],\"logo\":{\"@type\":\"ImageObject\",\"@id\":\"https:\/\/coletivoamarelo.com\/#logo\",\"inLanguage\":\"de\",\"url\":\"https:\/\/coletivoamarelo.com\/wp-content\/uploads\/2023\/01\/coletivo-amarelo-logo-04.svg\",\"caption\":\"Coletivo Amarelo\"},\"image\":{\"@id\":\"https:\/\/coletivoamarelo.com\/#logo\"}},{\"@type\":\"WebSite\",\"@id\":\"https:\/\/coletivoamarelo.com\/#website\",\"url\":\"https:\/\/coletivoamarelo.com\/\",\"name\":\"Coletivo Amarelo\",\"description\":\"\",\"publisher\":{\"@id\":\"https:\/\/coletivoamarelo.com\/#organization\"},\"potentialAction\":[{\"@type\":\"SearchAction\",\"target\":\"https:\/\/coletivoamarelo.com\/?s={search_term_string}\",\"query-input\":\"required name=search_term_string\"}],\"inLanguage\":\"de\"},{\"@type\":\"WebPage\",\"@id\":\"https:\/\/coletivoamarelo.com\/politica_de_privacidade\/#webpage\",\"url\":\"https:\/\/coletivoamarelo.com\/politica_de_privacidade\/\",\"name\":\"Pol\\u00edtica de Privacidade &mdash; Coletivo Amarelo\",\"isPartOf\":{\"@id\":\"https:\/\/coletivoamarelo.com\/#website\"},\"datePublished\":\"2023-01-20T16:46:02+00:00\",\"dateModified\":\"2023-05-12T18:34:53+00:00\",\"breadcrumb\":{\"@id\":\"https:\/\/coletivoamarelo.com\/politica_de_privacidade\/#breadcrumb\"},\"inLanguage\":\"de\",\"potentialAction\":[{\"@type\":\"ReadAction\",\"target\":[\"https:\/\/coletivoamarelo.com\/politica_de_privacidade\/\"]}]},{\"@type\":\"BreadcrumbList\",\"@id\":\"https:\/\/coletivoamarelo.com\/politica_de_privacidade\/#breadcrumb\",\"itemListElement\":[{\"@type\":\"ListItem\",\"position\":1,\"item\":{\"@type\":\"WebPage\",\"@id\":\"https:\/\/coletivoamarelo.com\/\",\"url\":\"https:\/\/coletivoamarelo.com\/\",\"name\":\"Home\"}},{\"@type\":\"ListItem\",\"position\":2,\"item\":{\"@type\":\"WebPage\",\"@id\":\"https:\/\/coletivoamarelo.com\/politica_de_privacidade\/\",\"url\":\"https:\/\/coletivoamarelo.com\/politica_de_privacidade\/\",\"name\":\"Pol\\u00edtica de Privacidade\"}}]}]}<\/script>\n<!-- \/ Yoast SEO Premium plugin. -->","jetpack_sharing_enabled":true,"_links":{"self":[{"href":"https:\/\/coletivoamarelo.com\/de\/wp-json\/wp\/v2\/pages\/3","targetHints":{"allow":["GET"]}}],"collection":[{"href":"https:\/\/coletivoamarelo.com\/de\/wp-json\/wp\/v2\/pages"}],"about":[{"href":"https:\/\/coletivoamarelo.com\/de\/wp-json\/wp\/v2\/types\/page"}],"author":[{"embeddable":true,"href":"https:\/\/coletivoamarelo.com\/de\/wp-json\/wp\/v2\/users\/4"}],"replies":[{"embeddable":true,"href":"https:\/\/coletivoamarelo.com\/de\/wp-json\/wp\/v2\/comments?post=3"}],"version-history":[{"count":0,"href":"https:\/\/coletivoamarelo.com\/de\/wp-json\/wp\/v2\/pages\/3\/revisions"}],"wp:attachment":[{"href":"https:\/\/coletivoamarelo.com\/de\/wp-json\/wp\/v2\/media?parent=3"}],"curies":[{"name":"wp","href":"https:\/\/api.w.org\/{rel}","templated":true}]}}