{"id":1915,"date":"2023-05-09T11:47:01","date_gmt":"2023-05-09T11:47:01","guid":{"rendered":"https:\/\/dev.coletivoamarelo.pt\/?page_id=1915"},"modified":"2023-05-09T11:47:01","modified_gmt":"2023-05-09T11:47:01","slug":"politica-de-reembolso","status":"publish","type":"page","link":"https:\/\/coletivoamarelo.com\/de\/politica-de-reembolso\/","title":{"rendered":"R\u00fcckgaberecht"},"content":{"rendered":"<p>Sollten Sie aus irgendeinem Grund mit Ihrem Kauf nicht vollst\u00e4ndig zufrieden sein, haben Sie das Recht, Ihr Foto oder Kunstwerk bis zu 7 Tage nach Erhalt Ihrer Bestellung gegen ein gleichwertiges Exemplar umzutauschen, nachdem Sie Ihren Kauf in derselben Galerie an die Galerie zur\u00fcckgegeben haben Zustand. Ab dem Zeitpunkt, als es verkauft wurde. Die Versandkosten f\u00fcr die R\u00fccksendung sind vom Kunden zu tragen, wobei darauf zu achten ist, dass die Unversehrtheit des Kunstwerks gew\u00e4hrleistet ist.<\/p>\n<p>F\u00fcr den Umtausch eines Sonderfotos, also eines Fotos, das normalerweise nicht verf\u00fcgbar ist, wird eine Laborgeb\u00fchr von 20% erhoben.<\/p>\n<p>Wir bieten keine R\u00fcckerstattung in bar an.<\/p>","protected":false},"excerpt":{"rendered":"<p>Se por algum motivo n\u00e3o ficar totalmente satisfeito com a sua compra, tem o direito de trocar a sua fotografia ou obra de arte, at\u00e9 7 dias ap\u00f3s a recep\u00e7\u00e3o da encomenda, por uma de igual valor ap\u00f3s a devolu\u00e7\u00e3o da compra \u00e0 galeria em mesma condi\u00e7\u00e3o de quando foi vendido. Os custos de envio [&hellip;]<\/p>\n","protected":false},"author":4,"featured_media":0,"parent":0,"menu_order":0,"comment_status":"closed","ping_status":"closed","template":"","meta":{"_et_pb_use_builder":"off","_et_pb_old_content":"","_et_gb_content_width":"","footnotes":""},"class_list":["post-1915","page","type-page","status-publish","hentry"],"acf":[],"yoast_head":"<!-- This site is optimized with the Yoast SEO Premium plugin v15.3 - https:\/\/yoast.com\/wordpress\/plugins\/seo\/ -->\n<title>Pol\u00edtica de Reembolso &mdash; Coletivo Amarelo<\/title>\n<meta name=\"robots\" content=\"index, follow, max-snippet:-1, max-image-preview:large, max-video-preview:-1\" \/>\n<link rel=\"canonical\" href=\"https:\/\/coletivoamarelo.com\/de\/politica-de-reembolso\/\" \/>\n<meta property=\"og:locale\" content=\"de_DE\" \/>\n<meta property=\"og:type\" content=\"article\" \/>\n<meta property=\"og:title\" content=\"Pol\u00edtica de Reembolso &mdash; Coletivo Amarelo\" \/>\n<meta property=\"og:description\" content=\"Se por algum motivo n\u00e3o ficar totalmente satisfeito com a sua compra, tem o direito de trocar a sua fotografia ou obra de arte, at\u00e9 7 dias ap\u00f3s a recep\u00e7\u00e3o da encomenda, por uma de igual valor ap\u00f3s a devolu\u00e7\u00e3o da compra \u00e0 galeria em mesma condi\u00e7\u00e3o de quando foi vendido. Os custos de envio [&hellip;]\" \/>\n<meta property=\"og:url\" content=\"https:\/\/coletivoamarelo.com\/de\/politica-de-reembolso\/\" \/>\n<meta property=\"og:site_name\" content=\"Coletivo Amarelo\" \/>\n<meta name=\"twitter:card\" content=\"summary_large_image\" \/>\n<meta name=\"twitter:label1\" content=\"Verfasst von\">\n\t<meta name=\"twitter:data1\" content=\"Alexandre Cagnoni\">\n\t<meta name=\"twitter:label2\" content=\"Gesch\u00e4tzte Lesezeit\">\n\t<meta name=\"twitter:data2\" content=\"0\u00a0Minuten\">\n<script type=\"application\/ld+json\" class=\"yoast-schema-graph\">{\"@context\":\"https:\/\/schema.org\",\"@graph\":[{\"@type\":\"Organization\",\"@id\":\"https:\/\/coletivoamarelo.com\/#organization\",\"name\":\"Coletivo Amarelo\",\"url\":\"https:\/\/coletivoamarelo.com\/\",\"sameAs\":[],\"logo\":{\"@type\":\"ImageObject\",\"@id\":\"https:\/\/coletivoamarelo.com\/#logo\",\"inLanguage\":\"de\",\"url\":\"https:\/\/coletivoamarelo.com\/wp-content\/uploads\/2023\/01\/coletivo-amarelo-logo-04.svg\",\"caption\":\"Coletivo Amarelo\"},\"image\":{\"@id\":\"https:\/\/coletivoamarelo.com\/#logo\"}},{\"@type\":\"WebSite\",\"@id\":\"https:\/\/coletivoamarelo.com\/#website\",\"url\":\"https:\/\/coletivoamarelo.com\/\",\"name\":\"Coletivo Amarelo\",\"description\":\"\",\"publisher\":{\"@id\":\"https:\/\/coletivoamarelo.com\/#organization\"},\"potentialAction\":[{\"@type\":\"SearchAction\",\"target\":\"https:\/\/coletivoamarelo.com\/?s={search_term_string}\",\"query-input\":\"required name=search_term_string\"}],\"inLanguage\":\"de\"},{\"@type\":\"WebPage\",\"@id\":\"https:\/\/coletivoamarelo.com\/politica-de-reembolso\/#webpage\",\"url\":\"https:\/\/coletivoamarelo.com\/politica-de-reembolso\/\",\"name\":\"Pol\\u00edtica de Reembolso &mdash; Coletivo Amarelo\",\"isPartOf\":{\"@id\":\"https:\/\/coletivoamarelo.com\/#website\"},\"datePublished\":\"2023-05-09T11:47:01+00:00\",\"dateModified\":\"2023-05-09T11:47:01+00:00\",\"breadcrumb\":{\"@id\":\"https:\/\/coletivoamarelo.com\/politica-de-reembolso\/#breadcrumb\"},\"inLanguage\":\"de\",\"potentialAction\":[{\"@type\":\"ReadAction\",\"target\":[\"https:\/\/coletivoamarelo.com\/politica-de-reembolso\/\"]}]},{\"@type\":\"BreadcrumbList\",\"@id\":\"https:\/\/coletivoamarelo.com\/politica-de-reembolso\/#breadcrumb\",\"itemListElement\":[{\"@type\":\"ListItem\",\"position\":1,\"item\":{\"@type\":\"WebPage\",\"@id\":\"https:\/\/coletivoamarelo.com\/\",\"url\":\"https:\/\/coletivoamarelo.com\/\",\"name\":\"Home\"}},{\"@type\":\"ListItem\",\"position\":2,\"item\":{\"@type\":\"WebPage\",\"@id\":\"https:\/\/coletivoamarelo.com\/politica-de-reembolso\/\",\"url\":\"https:\/\/coletivoamarelo.com\/politica-de-reembolso\/\",\"name\":\"Pol\\u00edtica de Reembolso\"}}]}]}<\/script>\n<!-- \/ Yoast SEO Premium plugin. -->","jetpack_sharing_enabled":true,"_links":{"self":[{"href":"https:\/\/coletivoamarelo.com\/de\/wp-json\/wp\/v2\/pages\/1915","targetHints":{"allow":["GET"]}}],"collection":[{"href":"https:\/\/coletivoamarelo.com\/de\/wp-json\/wp\/v2\/pages"}],"about":[{"href":"https:\/\/coletivoamarelo.com\/de\/wp-json\/wp\/v2\/types\/page"}],"author":[{"embeddable":true,"href":"https:\/\/coletivoamarelo.com\/de\/wp-json\/wp\/v2\/users\/4"}],"replies":[{"embeddable":true,"href":"https:\/\/coletivoamarelo.com\/de\/wp-json\/wp\/v2\/comments?post=1915"}],"version-history":[{"count":0,"href":"https:\/\/coletivoamarelo.com\/de\/wp-json\/wp\/v2\/pages\/1915\/revisions"}],"wp:attachment":[{"href":"https:\/\/coletivoamarelo.com\/de\/wp-json\/wp\/v2\/media?parent=1915"}],"curies":[{"name":"wp","href":"https:\/\/api.w.org\/{rel}","templated":true}]}}