{"id":1913,"date":"2023-05-09T11:45:01","date_gmt":"2023-05-09T11:45:01","guid":{"rendered":"https:\/\/dev.coletivoamarelo.pt\/?page_id=1913"},"modified":"2023-05-09T11:45:37","modified_gmt":"2023-05-09T11:45:37","slug":"politica_de_envio","status":"publish","type":"page","link":"https:\/\/coletivoamarelo.com\/de\/politica_de_envio\/","title":{"rendered":"Versandbedingungen"},"content":{"rendered":"<p>Der Versand und die Abwicklung erfolgen mit gr\u00f6\u00dfter Sorgfalt, eventuelle Zusatzkosten werden beim Kauf eines Kunstwerks mitgeteilt. Alle unsere Kunstwerke sind in stabilen Kartons oder R\u00f6hren verpackt, um ihre Unversehrtheit zu gew\u00e4hrleisten. Drucke und Kunstwerke werden je nach Lieferadresse in der Regel innerhalb von 1\u20134 Wochen geliefert. Etwaige zollrechtliche Anforderungen im Lieferland m\u00fcssen vor dem Versand mitgeteilt werden. Alle zollrelevanten T\u00e4tigkeiten m\u00fcssen vom Empf\u00e4nger abgewickelt werden.<\/p>","protected":false},"excerpt":{"rendered":"<p>O envio e manuseio \u00e9 feito com o m\u00e1ximo cuidado, e os custos adicionais &#8211; se houver &#8211; s\u00e3o comunicados na compra de uma obra de arte. Todas as nossas pe\u00e7as de arte s\u00e3o acondicionadas em caixas r\u00edgidas ou tubos, para garantir a sua integridade. As gravuras e pe\u00e7as de arte geralmente s\u00e3o entregues em [&hellip;]<\/p>\n","protected":false},"author":4,"featured_media":0,"parent":0,"menu_order":0,"comment_status":"closed","ping_status":"closed","template":"","meta":{"_et_pb_use_builder":"off","_et_pb_old_content":"","_et_gb_content_width":"","footnotes":""},"class_list":["post-1913","page","type-page","status-publish","hentry"],"acf":[],"yoast_head":"<!-- This site is optimized with the Yoast SEO Premium plugin v15.3 - https:\/\/yoast.com\/wordpress\/plugins\/seo\/ -->\n<title>Pol\u00edtica de Envio &mdash; Coletivo Amarelo<\/title>\n<meta name=\"robots\" content=\"index, follow, max-snippet:-1, max-image-preview:large, max-video-preview:-1\" \/>\n<link rel=\"canonical\" href=\"https:\/\/coletivoamarelo.com\/de\/politica_de_envio\/\" \/>\n<meta property=\"og:locale\" content=\"de_DE\" \/>\n<meta property=\"og:type\" content=\"article\" \/>\n<meta property=\"og:title\" content=\"Pol\u00edtica de Envio &mdash; Coletivo Amarelo\" \/>\n<meta property=\"og:description\" content=\"O envio e manuseio \u00e9 feito com o m\u00e1ximo cuidado, e os custos adicionais &#8211; se houver &#8211; s\u00e3o comunicados na compra de uma obra de arte. Todas as nossas pe\u00e7as de arte s\u00e3o acondicionadas em caixas r\u00edgidas ou tubos, para garantir a sua integridade. As gravuras e pe\u00e7as de arte geralmente s\u00e3o entregues em [&hellip;]\" \/>\n<meta property=\"og:url\" content=\"https:\/\/coletivoamarelo.com\/de\/politica_de_envio\/\" \/>\n<meta property=\"og:site_name\" content=\"Coletivo Amarelo\" \/>\n<meta property=\"article:modified_time\" content=\"2023-05-09T11:45:37+00:00\" \/>\n<meta name=\"twitter:card\" content=\"summary_large_image\" \/>\n<meta name=\"twitter:label1\" content=\"Verfasst von\">\n\t<meta name=\"twitter:data1\" content=\"Alexandre Cagnoni\">\n\t<meta name=\"twitter:label2\" content=\"Gesch\u00e4tzte Lesezeit\">\n\t<meta name=\"twitter:data2\" content=\"0\u00a0Minuten\">\n<script type=\"application\/ld+json\" class=\"yoast-schema-graph\">{\"@context\":\"https:\/\/schema.org\",\"@graph\":[{\"@type\":\"Organization\",\"@id\":\"https:\/\/coletivoamarelo.com\/#organization\",\"name\":\"Coletivo Amarelo\",\"url\":\"https:\/\/coletivoamarelo.com\/\",\"sameAs\":[],\"logo\":{\"@type\":\"ImageObject\",\"@id\":\"https:\/\/coletivoamarelo.com\/#logo\",\"inLanguage\":\"de\",\"url\":\"https:\/\/coletivoamarelo.com\/wp-content\/uploads\/2023\/01\/coletivo-amarelo-logo-04.svg\",\"caption\":\"Coletivo Amarelo\"},\"image\":{\"@id\":\"https:\/\/coletivoamarelo.com\/#logo\"}},{\"@type\":\"WebSite\",\"@id\":\"https:\/\/coletivoamarelo.com\/#website\",\"url\":\"https:\/\/coletivoamarelo.com\/\",\"name\":\"Coletivo Amarelo\",\"description\":\"\",\"publisher\":{\"@id\":\"https:\/\/coletivoamarelo.com\/#organization\"},\"potentialAction\":[{\"@type\":\"SearchAction\",\"target\":\"https:\/\/coletivoamarelo.com\/?s={search_term_string}\",\"query-input\":\"required name=search_term_string\"}],\"inLanguage\":\"de\"},{\"@type\":\"WebPage\",\"@id\":\"https:\/\/coletivoamarelo.com\/politica_de_envio\/#webpage\",\"url\":\"https:\/\/coletivoamarelo.com\/politica_de_envio\/\",\"name\":\"Pol\\u00edtica de Envio &mdash; Coletivo Amarelo\",\"isPartOf\":{\"@id\":\"https:\/\/coletivoamarelo.com\/#website\"},\"datePublished\":\"2023-05-09T11:45:01+00:00\",\"dateModified\":\"2023-05-09T11:45:37+00:00\",\"breadcrumb\":{\"@id\":\"https:\/\/coletivoamarelo.com\/politica_de_envio\/#breadcrumb\"},\"inLanguage\":\"de\",\"potentialAction\":[{\"@type\":\"ReadAction\",\"target\":[\"https:\/\/coletivoamarelo.com\/politica_de_envio\/\"]}]},{\"@type\":\"BreadcrumbList\",\"@id\":\"https:\/\/coletivoamarelo.com\/politica_de_envio\/#breadcrumb\",\"itemListElement\":[{\"@type\":\"ListItem\",\"position\":1,\"item\":{\"@type\":\"WebPage\",\"@id\":\"https:\/\/coletivoamarelo.com\/\",\"url\":\"https:\/\/coletivoamarelo.com\/\",\"name\":\"Home\"}},{\"@type\":\"ListItem\",\"position\":2,\"item\":{\"@type\":\"WebPage\",\"@id\":\"https:\/\/coletivoamarelo.com\/politica_de_envio\/\",\"url\":\"https:\/\/coletivoamarelo.com\/politica_de_envio\/\",\"name\":\"Pol\\u00edtica de Envio\"}}]}]}<\/script>\n<!-- \/ Yoast SEO Premium plugin. -->","jetpack_sharing_enabled":true,"_links":{"self":[{"href":"https:\/\/coletivoamarelo.com\/de\/wp-json\/wp\/v2\/pages\/1913","targetHints":{"allow":["GET"]}}],"collection":[{"href":"https:\/\/coletivoamarelo.com\/de\/wp-json\/wp\/v2\/pages"}],"about":[{"href":"https:\/\/coletivoamarelo.com\/de\/wp-json\/wp\/v2\/types\/page"}],"author":[{"embeddable":true,"href":"https:\/\/coletivoamarelo.com\/de\/wp-json\/wp\/v2\/users\/4"}],"replies":[{"embeddable":true,"href":"https:\/\/coletivoamarelo.com\/de\/wp-json\/wp\/v2\/comments?post=1913"}],"version-history":[{"count":0,"href":"https:\/\/coletivoamarelo.com\/de\/wp-json\/wp\/v2\/pages\/1913\/revisions"}],"wp:attachment":[{"href":"https:\/\/coletivoamarelo.com\/de\/wp-json\/wp\/v2\/media?parent=1913"}],"curies":[{"name":"wp","href":"https:\/\/api.w.org\/{rel}","templated":true}]}}